{"id":9933,"date":"2025-04-22T12:08:18","date_gmt":"2025-04-22T12:08:18","guid":{"rendered":"https:\/\/miami.futurehack.eu\/politica-de-privacidad\/"},"modified":"2025-05-22T07:26:19","modified_gmt":"2025-05-22T07:26:19","slug":"politica-de-privacidad","status":"publish","type":"page","link":"https:\/\/exed.miami.edu\/es\/politica-privacidad\/","title":{"rendered":"Pol\u00edtica de privacidad"},"content":{"rendered":"\t\t<div data-elementor-type=\"wp-page\" data-elementor-id=\"9933\" class=\"elementor elementor-9933 elementor-9915\" data-elementor-post-type=\"page\">\n\t\t\t\t<div class=\"elementor-element elementor-element-e3c7434 bg--lightest-blue e-flex e-con-boxed e-con e-parent\" data-id=\"e3c7434\" data-element_type=\"container\" data-e-type=\"container\" data-settings=\"{&quot;background_background&quot;:&quot;classic&quot;}\">\n\t\t\t\t\t<div class=\"e-con-inner\">\n\t\t<div class=\"elementor-element elementor-element-ca655b8 e-con-full e-flex e-con e-child\" data-id=\"ca655b8\" data-element_type=\"container\" data-e-type=\"container\">\n\t\t\t\t<div class=\"elementor-element elementor-element-69eae48 elementor-widget elementor-widget-heading\" data-id=\"69eae48\" data-element_type=\"widget\" data-e-type=\"widget\" data-widget_type=\"heading.default\">\n\t\t\t\t\t<h1 class=\"elementor-heading-title elementor-size-default\">Pol\u00edtica de privacidad<\/h1>\t\t\t\t<\/div>\n\t\t\t\t<div class=\"elementor-element elementor-element-68729f9 elementor-widget elementor-widget-text-editor\" data-id=\"68729f9\" data-element_type=\"widget\" data-e-type=\"widget\" data-widget_type=\"text-editor.default\">\n\t\t\t\t\t\t\t\t\t<em>\u00daltima actualizaci\u00f3n: mayo, 2026<\/em>\t\t\t\t\t\t\t\t<\/div>\n\t\t\t\t<\/div>\n\t\t\t\t\t<\/div>\n\t\t\t\t<\/div>\n\t\t<div class=\"elementor-element elementor-element-512b8eb bg--white e-flex e-con-boxed e-con e-parent\" data-id=\"512b8eb\" data-element_type=\"container\" data-e-type=\"container\" data-settings=\"{&quot;background_background&quot;:&quot;classic&quot;}\">\n\t\t\t\t\t<div class=\"e-con-inner\">\n\t\t<div class=\"elementor-element elementor-element-562244f e-con-full e-flex e-con e-child\" data-id=\"562244f\" data-element_type=\"container\" data-e-type=\"container\">\n\t\t\t\t<div class=\"elementor-element elementor-element-28a6da5 elementor-widget elementor-widget-heading\" data-id=\"28a6da5\" data-element_type=\"widget\" data-e-type=\"widget\" data-widget_type=\"heading.default\">\n\t\t\t\t\t<h3 class=\"elementor-heading-title elementor-size-default\">En la Universidad de Miami, respetamos y valoramos su privacidad. Creemos en la transparencia y queremos que entienda qu\u00e9 informaci\u00f3n recogemos de usted cuando visita los sitios web de la Universidad y qu\u00e9 control tiene sobre esa informaci\u00f3n. Esta Declaraci\u00f3n de Privacidad describe, en t\u00e9rminos generales, c\u00f3mo recopilamos su informaci\u00f3n, por qu\u00e9 la recopilamos, c\u00f3mo utilizamos o compartimos su informaci\u00f3n, y qu\u00e9 control tiene usted sobre su informaci\u00f3n.<\/h3>\t\t\t\t<\/div>\n\t\t\t\t<div class=\"elementor-element elementor-element-ac40dfa elementor-widget elementor-widget-text-editor\" data-id=\"ac40dfa\" data-element_type=\"widget\" data-e-type=\"widget\" data-widget_type=\"text-editor.default\">\n\t\t\t\t\t\t\t\t\t<p>La Universidad de Miami se esfuerza por tomar todas las medidas razonables para proteger la confidencialidad de su informaci\u00f3n personal, incluso a trav\u00e9s de los compromisos contractuales de nuestros socios comerciales de confianza. Al proporcionarnos voluntariamente su informaci\u00f3n personal a trav\u00e9s de nuestro(s) sitio(s) web, usted acepta y reconoce que su informaci\u00f3n personal ser\u00e1 transferida fuera de Europa, incluso a los Estados Unidos, donde las leyes de protecci\u00f3n de datos pueden proporcionar menos protecci\u00f3n que las de Europa, y espec\u00edficamente, no proporcionan un nivel adecuado de protecci\u00f3n de datos basado en una decisi\u00f3n de la Comisi\u00f3n Europea.<\/p>\n<p><em>(*Tenga en cuenta que por Europa entendemos los 27 Estados miembros de la UE, junto con el Reino Unido y Suiza, as\u00ed como los del Espacio Econ\u00f3mico Europeo (EEE): Islandia, Noruega y Liechtenstein).<\/em><\/p>\n\t\t\t\t\t\t\t\t<\/div>\n\t\t\t\t<\/div>\n\t\t\t\t\t<\/div>\n\t\t\t\t<\/div>\n\t\t<div class=\"elementor-element elementor-element-16f3592 bg--lightest-blue e-flex e-con-boxed e-con e-parent\" data-id=\"16f3592\" data-element_type=\"container\" data-e-type=\"container\" data-settings=\"{&quot;background_background&quot;:&quot;classic&quot;}\">\n\t\t\t\t\t<div class=\"e-con-inner\">\n\t\t<div class=\"elementor-element elementor-element-1955e74 e-con-full e-flex e-con e-child\" data-id=\"1955e74\" data-element_type=\"container\" data-e-type=\"container\">\n\t\t\t\t<div class=\"elementor-element elementor-element-73290af elementor-widget elementor-widget-heading\" data-id=\"73290af\" data-element_type=\"widget\" data-e-type=\"widget\" data-widget_type=\"heading.default\">\n\t\t\t\t\t<h2 class=\"elementor-heading-title elementor-size-default\">\u00bfQui\u00e9n tratar\u00e1 mis datos personales?<\/h2>\t\t\t\t<\/div>\n\t\t\t\t<\/div>\n\t\t<div class=\"elementor-element elementor-element-ef92510 e-con-full e-flex e-con e-child\" data-id=\"ef92510\" data-element_type=\"container\" data-e-type=\"container\">\n\t\t\t\t<div class=\"elementor-element elementor-element-bff9c04 elementor-widget elementor-widget-text-editor\" data-id=\"bff9c04\" data-element_type=\"widget\" data-e-type=\"widget\" data-widget_type=\"text-editor.default\">\n\t\t\t\t\t\t\t\t\t<p>Nuestra Declaraci\u00f3n de Privacidad se aplica al uso de su informaci\u00f3n personal por parte de la Universidad de Miami a trav\u00e9s de la navegaci\u00f3n o el uso de su sitio web principal (<span style=\"color: #cf5e13;\"><a style=\"color: #cf5e13;\" href=\"http:\/\/www.miami.edu\/\" target=\"_blank\" rel=\"nofollow noopener\"><span style=\"color: #c35009;\">www.miami.edu<\/span><\/a><\/span>) o de cualquier sitio web con el dominio de la Universidad de Miami. La informaci\u00f3n publicada aqu\u00ed se limita al uso de la informaci\u00f3n personal por parte de los sitios web de la Universidad de Miami.<\/p><p>Cuando en esta declaraci\u00f3n se menciona \u201cUniversidad\u201d, \u201cnosotros\u201d, \u201cnos\u201d o \u201cnuestro\u201d, se refiere a la Universidad de Miami en su calidad de Responsable del Tratamiento. Es decir, la parte responsable de su informaci\u00f3n seg\u00fan esta Declaraci\u00f3n de Privacidad. Los sitios web y las aplicaciones de la Universidad de Miami, colectivamente, se denominar\u00e1n en lo sucesivo \u201cSitio web de la Universidad\u201d.<\/p><p>Este sitio contiene enlaces a otros sitios que no son de la Universidad de Miami. La Universidad de Miami no procesa esta informaci\u00f3n y no es responsable de las pr\u00e1cticas de privacidad y\/o del contenido de dichos sitios web. Por favor, aseg\u00farese de comprobar las pol\u00edticas de privacidad individuales de esos sitios. Adem\u00e1s, no somos responsables de las pr\u00e1cticas de privacidad y\/o del contenido de los sitios web de nuestros socios comerciales, incluso si la marca de la Universidad de Miami aparece en su p\u00e1gina. La Universidad de Miami no tiene control sobre la informaci\u00f3n recogida por esos sitios web y no es responsable de la informaci\u00f3n recogida por dichos sitios web.<\/p>\t\t\t\t\t\t\t\t<\/div>\n\t\t\t\t<\/div>\n\t\t\t\t\t<\/div>\n\t\t\t\t<\/div>\n\t\t<div class=\"elementor-element elementor-element-323248c bg--white e-flex e-con-boxed e-con e-parent\" data-id=\"323248c\" data-element_type=\"container\" data-e-type=\"container\" data-settings=\"{&quot;background_background&quot;:&quot;classic&quot;}\">\n\t\t\t\t\t<div class=\"e-con-inner\">\n\t\t<div class=\"elementor-element elementor-element-7f63f9e e-con-full e-flex e-con e-child\" data-id=\"7f63f9e\" data-element_type=\"container\" data-e-type=\"container\">\n\t\t\t\t<div class=\"elementor-element elementor-element-c889cb0 elementor-widget elementor-widget-heading\" data-id=\"c889cb0\" data-element_type=\"widget\" data-e-type=\"widget\" data-widget_type=\"heading.default\">\n\t\t\t\t\t<h2 class=\"elementor-heading-title elementor-size-default\">Informaci\u00f3n recopilada o recibida<\/h2>\t\t\t\t<\/div>\n\t\t\t\t<\/div>\n\t\t<div class=\"elementor-element elementor-element-24cab12 e-con-full e-flex e-con e-child\" data-id=\"24cab12\" data-element_type=\"container\" data-e-type=\"container\">\n\t\t\t\t<div class=\"elementor-element elementor-element-1d4adfe elementor-widget elementor-widget-text-editor\" data-id=\"1d4adfe\" data-element_type=\"widget\" data-e-type=\"widget\" data-widget_type=\"text-editor.default\">\n\t\t\t\t\t\t\t\t\tAl visitar el sitio web de la Universidad, recogemos o recibimos su informaci\u00f3n personal de diferentes maneras. En ocasiones, usted puede elegir qu\u00e9 informaci\u00f3n quiere proporcionarnos, pero a veces obtenemos informaci\u00f3n cuando usted navega por nuestro sitio web. Hay tres categor\u00edas generales de informaci\u00f3n que recogemos.\t\t\t\t\t\t\t\t<\/div>\n\t\t\t\t<\/div>\n\t\t\t\t\t<\/div>\n\t\t\t\t<\/div>\n\t\t<div class=\"elementor-element elementor-element-557962d bg--lightest-blue e-flex e-con-boxed e-con e-parent\" data-id=\"557962d\" data-element_type=\"container\" data-e-type=\"container\" data-settings=\"{&quot;background_background&quot;:&quot;classic&quot;}\">\n\t\t\t\t\t<div class=\"e-con-inner\">\n\t\t<div class=\"elementor-element elementor-element-8eb37b8 e-con-full e-flex e-con e-child\" data-id=\"8eb37b8\" data-element_type=\"container\" data-e-type=\"container\">\n\t\t\t\t<div class=\"elementor-element elementor-element-56da0d1 elementor-widget elementor-widget-heading\" data-id=\"56da0d1\" data-element_type=\"widget\" data-e-type=\"widget\" data-widget_type=\"heading.default\">\n\t\t\t\t\t<h2 class=\"elementor-heading-title elementor-size-default\">Informaci\u00f3n que recopilamos autom\u00e1ticamente a partir de su uso de nuestros sitios web<\/h2>\t\t\t\t<\/div>\n\t\t\t\t<\/div>\n\t\t<div class=\"elementor-element elementor-element-08802da e-con-full e-flex e-con e-child\" data-id=\"08802da\" data-element_type=\"container\" data-e-type=\"container\">\n\t\t\t\t<div class=\"elementor-element elementor-element-9b40a18 elementor-widget elementor-widget-text-editor\" data-id=\"9b40a18\" data-element_type=\"widget\" data-e-type=\"widget\" data-widget_type=\"text-editor.default\">\n\t\t\t\t\t\t\t\t\t<p>La Universidad recibe y registra autom\u00e1ticamente informaci\u00f3n de su navegador o dispositivo m\u00f3vil cuando usted visita el sitio web de la Universidad. Esta informaci\u00f3n es necesaria dado nuestro leg\u00edtimo inter\u00e9s en poder proporcionar y mejorar las funcionalidades del Sitio Web de la Universidad y para permitirnos cumplir con las obligaciones legales.<\/p>\n<p><strong>Informaci\u00f3n de uso:<\/strong>\u00a0Recogemos informaci\u00f3n sobre sus interacciones con el Sitio Web de la Universidad, como las p\u00e1ginas o el contenido que ve, las b\u00fasquedas que realiza y otras acciones en el Sitio Web de la Universidad.<\/p>\n<p><strong>Datos de registro e informaci\u00f3n del dispositivo:<\/strong>\u00a0Recogemos autom\u00e1ticamente cierta informaci\u00f3n t\u00e9cnica y del dispositivo cuando usted accede y utiliza el Sitio Web de la Universidad, incluso si no ha creado un CaneID o ha iniciado sesi\u00f3n a trav\u00e9s de su CaneID.<\/p>\n<p><strong>Esta informaci\u00f3n incluye, entre otras cosas:<\/strong>\u00a0detalles sobre c\u00f3mo ha utilizado el Sitio Web de la Universidad (incluyendo si ha hecho clic en enlaces a aplicaciones de terceros), la direcci\u00f3n IP, las fechas y horas de acceso, informaci\u00f3n espec\u00edfica sobre el hardware y el software, informaci\u00f3n sobre el dispositivo, identificadores \u00fanicos, datos de colisiones, datos de cookies y las p\u00e1ginas que ha visto o con las que ha interactuado antes o despu\u00e9s de utilizar el Sitio Web de la Universidad.<\/p>\n\t\t\t\t\t\t\t\t<\/div>\n\t\t\t\t<\/div>\n\t\t\t\t\t<\/div>\n\t\t\t\t<\/div>\n\t\t\t\t<\/div>\n\t\t","protected":false},"excerpt":{"rendered":"<p>Pol\u00edtica de privacidad En la Universidad de Miami, respetamos y valoramos su privacidad. Creemos en la transparencia y queremos que entienda qu\u00e9 informaci\u00f3n recogemos de usted cuando visita los sitios web de la Universidad y qu\u00e9 control tiene sobre esa informaci\u00f3n. Esta Declaraci\u00f3n de Privacidad describe, en t\u00e9rminos generales, c\u00f3mo recopilamos su informaci\u00f3n, por qu\u00e9 [&hellip;]<\/p>\n","protected":false},"author":4,"featured_media":0,"parent":0,"menu_order":0,"comment_status":"closed","ping_status":"closed","template":"","meta":{"_acf_changed":false,"footnotes":""},"wf_page_folders":[],"class_list":["post-9933","page","type-page","status-publish","hentry"],"acf":[],"_links":{"self":[{"href":"https:\/\/exed.miami.edu\/es\/wp-json\/wp\/v2\/pages\/9933","targetHints":{"allow":["GET"]}}],"collection":[{"href":"https:\/\/exed.miami.edu\/es\/wp-json\/wp\/v2\/pages"}],"about":[{"href":"https:\/\/exed.miami.edu\/es\/wp-json\/wp\/v2\/types\/page"}],"author":[{"embeddable":true,"href":"https:\/\/exed.miami.edu\/es\/wp-json\/wp\/v2\/users\/4"}],"replies":[{"embeddable":true,"href":"https:\/\/exed.miami.edu\/es\/wp-json\/wp\/v2\/comments?post=9933"}],"version-history":[{"count":3,"href":"https:\/\/exed.miami.edu\/es\/wp-json\/wp\/v2\/pages\/9933\/revisions"}],"predecessor-version":[{"id":9946,"href":"https:\/\/exed.miami.edu\/es\/wp-json\/wp\/v2\/pages\/9933\/revisions\/9946"}],"wp:attachment":[{"href":"https:\/\/exed.miami.edu\/es\/wp-json\/wp\/v2\/media?parent=9933"}],"wp:term":[{"taxonomy":"wf_page_folders","embeddable":true,"href":"https:\/\/exed.miami.edu\/es\/wp-json\/wp\/v2\/wf_page_folders?post=9933"}],"curies":[{"name":"wp","href":"https:\/\/api.w.org\/{rel}","templated":true}]}}